{"id":940,"date":"2019-02-01T02:00:24","date_gmt":"2019-02-01T02:00:24","guid":{"rendered":"https:\/\/ninetheme.com\/themes\/agro\/?page_id=2"},"modified":"2025-03-27T14:50:57","modified_gmt":"2025-03-27T19:50:57","slug":"home-1","status":"publish","type":"page","link":"https:\/\/messisagro.com\/","title":{"rendered":"Home 1"},"content":{"rendered":"[vc_row][vc_column]<div id=\"start-screen\" class=\"start-screen start-screen--style-1 item_69f15c3db3dc1\" data-scroll-discover=\"true\" data-res-css=\"   \"><div id=\"start-screen__bg\" class=\"start-screen__bg\"><div id=\"vegas-slider\" data-autoplay=\"false\" data-timer=\"false\" data-dots=\"true\" data-duration=\"4000\" data-delay=\"5000\" data-transition=\"['fade', 'zoomOut', 'blur', 'swirlLeft', 'swirlRight']\" data-overlayimg=\"https:\/\/messisagro.com\/wp-content\/themes\/agro\/images\/overlays\/05.png\"><div class=\"vegas-control\"><span id=\"vegas-control__prev\" class=\"vegas-control__btn\">Prev<\/span><span id=\"vegas-control__next\" class=\"vegas-control__btn\">Next<\/span><\/div><\/div><\/div><div id=\"start-screen__content-container\" class=\"start-screen__content-container text-white\"><div class=\"start-screen__content__item start-screen__content__item--1 align-items-center item_69f15c3db3e31\" data-img-src=\"https:\/\/messisagro.com\/wp-content\/uploads\/2024\/06\/herbicidas-insecticidas-fungicidas-proteccion-de-cultivos.jpeg\" data-mobimg-src=\"\" data-video=\"false\" data-res-css=\"             \"><div class=\"container\"><div class=\"row justify-content-center\"><div class=\"col-12 col-md-10 col-xl-12 text-center\"><div class=\"__name\">ESPECIALISTAS EN PROTECCI\u00d3N DE CULTIVOS<\/div><h2 class=\"__title text-white\">AGRICULTURA PRODUCTIVA Y RESPONSABLE<\/h2><p>Formulaciones con tecnolog\u00eda avanzada y tratamientos con baja carga qu\u00edmica, alineados con la sostenibilidad agr\u00edcola.<\/p><p class=\"mt-5 mt-md-10\"><span class=\"d-none d-sm-block\"><a class=\"custom-btn custom-btn--big custom-btn--style-3\" href=\"\">WhatsApp Aqu\u00ed!<\/a><\/span><span class=\"d-block d-sm-none\"><a class=\"custom-btn custom-btn--small custom-btn--style-3\" href=\"\">WhatsApp Aqu\u00ed!<\/a><\/span><\/p><\/div><\/div><\/div><\/div><div class=\"start-screen__content__item start-screen__content__item--1 align-items-center item_69f15c3db4375\" data-img-src=\"https:\/\/messisagro.com\/wp-content\/uploads\/2024\/08\/AGUACATESD.jpg\" data-mobimg-src=\"\" data-video=\"false\" data-res-css=\"             \"><div class=\"container\"><div class=\"row justify-content-center\"><div class=\"col-12 col-md-10 col-xl-12 text-center\"><h2 class=\"__title text-white\">SOLUCIONES INTEGRALES<\/h2><p>Para el manejo de cultivos<\/p><p class=\"mt-5 mt-md-10\"><span class=\"d-none d-sm-block\"><a class=\"custom-btn custom-btn--big custom-btn--style-3\" href=\"\">WhatsApp Aqu\u00ed!<\/a><\/span><span class=\"d-block d-sm-none\"><a class=\"custom-btn custom-btn--small custom-btn--style-3\" href=\"\">WhatsApp Aqu\u00ed!<\/a><\/span><\/p><\/div><\/div><\/div><\/div><div class=\"start-screen__content__item start-screen__content__item--1 align-items-center item_69f15c3db458f\" data-img-src=\"https:\/\/messisagro.com\/wp-content\/uploads\/2024\/06\/green-color-antenna-white-bee-Grande.jpeg\" data-mobimg-src=\"\" data-video=\"false\" data-res-css=\"             \"><div class=\"container\"><div class=\"row justify-content-center\"><div class=\"col-12 col-md-10 col-xl-12 text-center\"><div class=\"__name\">UNO DE NUESTROS PRINCIPALES VALORES ES LA<\/div><h2 class=\"__title text-white\">SOSTENIBILIDAD AMBIENTAL<\/h2><p>Propendemos por el cuidado y protecci\u00f3n del medio ambiente desde el dise\u00f1o y manejo de nuestros productos.<\/p><p class=\"mt-5 mt-md-10\"><span class=\"d-none d-sm-block\"><a class=\"custom-btn custom-btn--big custom-btn--style-3\" href=\"\">WhatsApp Aqu\u00ed!<\/a><\/span><span class=\"d-block d-sm-none\"><a class=\"custom-btn custom-btn--small custom-btn--style-3\" href=\"\">WhatsApp Aqu\u00ed!<\/a><\/span><\/p><\/div><\/div><\/div><\/div><div class=\"start-screen__content__item start-screen__content__item--1 align-items-center item_69f15c3db4979\" data-img-src=\"https:\/\/messisagro.com\/wp-content\/uploads\/2024\/08\/messischina-scaled.jpg\" data-mobimg-src=\"\" data-video=\"false\" data-res-css=\"             \"><div class=\"container\"><div class=\"row justify-content-center\"><div class=\"col-12 col-md-10 col-xl-12 text-center\"><h2 class=\"__title text-white\">INNOVACI\u00d3N<\/h2><p>Dise\u00f1amos soluciones para adaptarnos a las condiciones propias de nuestra regi\u00f3n.<\/p><p class=\"mt-5 mt-md-10\"><span class=\"d-none d-sm-block\"><a class=\"custom-btn custom-btn--big custom-btn--style-3\" href=\"\">WhatsApp Aqu\u00ed!<\/a><\/span><span class=\"d-block d-sm-none\"><a class=\"custom-btn custom-btn--small custom-btn--style-3\" href=\"\">WhatsApp Aqu\u00ed!<\/a><\/span><\/p><\/div><\/div><\/div><\/div><\/div><span class=\"scroll-discover\"><\/span><\/div>[\/vc_column][\/vc_row][vc_row][vc_column][vc_separator][\/vc_column][\/vc_row][vc_row full_width=\u00bbcontainer-null\u00bb css=\u00bb.vc_custom_1724770976314{margin-top: 0px !important;}\u00bb][vc_column agro_disable_column=\u00bbyes\u00bb]<div class=\"section item_69f15c3db4b9e\" data-res-css=\"             \"><div class=\"d-none d-lg-block bg-absolute\"><\/div><div class=\"container\"><div class=\"row align-items-center\"><div class=\"col-12 col-lg-4\"><div data-aos=\"fade-left\" data-aos-delay=\"400\" data-aos-offset=\"100\"><div class=\"section-heading\"><h2 class=\"__title\">QUI\u00c9NES <span>SOMOS<\/span><\/h2><\/div><p class=\"d-none d-sm-block\"><a class=\"custom-btn custom-btn--medium custom-btn--style-1\" href=\"#\">Haz click aqu\u00ed<\/a><\/p><\/div><\/div><div class=\"col-12 my-3 d-lg-none\"><\/div><div class=\"col-12 col-lg-4  text-center\"><div data-aos=\"fade-up\" data-aos-delay=\"400\" data-aos-offset=\"100\"><img src=\"https:\/\/messisagro.com\/wp-content\/uploads\/2025\/03\/MESSIS-DOMINACA-6.png\" class=\"img-fluid\" alt=\"MESSIS-DOMINACA-6.png\"><\/div><\/div><div class=\"col-12 my-3 d-lg-none\"><\/div><div class=\"col-12 col-lg-4\"><div data-aos=\"fade-right\" data-aos-delay=\"400\" data-aos-offset=\"100\"><p>Somos una organizaci\u00f3n integrada por actores determinantes en la protecci\u00f3n de cultivos, para la producci\u00f3n de alimentos sanos.<\/p>\n<p>A trav\u00e9s de un portafolio de<\/p>\n<p>- Herbicidas<br \/>\n- Insecticidas<br \/>\n- Fungicidas<\/p>\n<p class=\"d-sm-none\"><a class=\"custom-btn custom-btn--medium custom-btn--style-1\" href=\"#\">Haz click aqu\u00ed<\/a><\/p><\/div><\/div><\/div><\/div><\/div>[\/vc_column][\/vc_row][vc_row full_width=\u00bbcontainer-null\u00bb][vc_column css=\u00bb.vc_custom_1724427348498{margin-top: -100px !important;}\u00bb]<div class=\"section section_69f15c3db4edb vc_custom_1724769726737\" data-res-css=\"     \"><div class=\"container\"><div class=\"section-heading section-heading--center\" data-aos=\"fade\"><h2 class=\"__title\">NUESTRA <span>OPERACI\u00d3N<\/span><\/h2><p><\/p><\/div><div data-aos=\"slide-up\" data-aos-duration=\"800\"><img src=\"https:\/\/messisagro.com\/wp-content\/uploads\/2024\/08\/Sin-ti\u0301tulo-1-02-scaled.jpg\" class=\"img-fluid\" alt=\"Sin-ti\u0301tulo-1-02-scaled.jpg\"><\/div><\/div><\/div>[\/vc_column][\/vc_row][vc_row full_width=\u00bbcontainer\u00bb css=\u00bb.vc_custom_1724771200318{margin-top: 0px !important;}\u00bb][vc_column css=\u00bb.vc_custom_1724771225802{margin-top: -150px !important;}\u00bb]<div class=\"special-offer special-offer--style-1 item_69f15c3db5117\"  data-aos=\"zoom-in\" data-aos-delay=\"600\" data-aos-offset=\"70\" data-res-css=\"  .special-offer.special-offer--style-1.item_69f15c3db5117 .text {font-size:100px;}\"><h2 class=\"text text-center lazy\" data-src=\"https:\/\/messisagro.com\/wp-content\/uploads\/2024\/06\/herbicidas-insecticidas-fungicidas-proteccion-de-cultivos.jpeg\">PA\u00cdSES<\/h2><\/div>[\/vc_column][\/vc_row][vc_row full_width=\u00bbstretch_row\u00bb full_height=\u00bbyes\u00bb columns_placement=\u00bbstretch\u00bb equal_height=\u00bbyes\u00bb content_placement=\u00bbmiddle\u00bb css=\u00bb.vc_custom_1724427244451{margin-top: 0px !important;background-position: center !important;background-repeat: no-repeat !important;background-size: contain !important;}\u00bb][vc_column width=\u00bb1\/3&#8243; css=\u00bb.vc_custom_1724275902053{margin-top: 100px !important;}\u00bb][vc_hoverbox image=\u00bb1071&#8243; primary_title=\u00bb\u00bb hover_title=\u00bbCOLOMBIA\u00bb hover_btn_title=\u00bbIr a Colombia\u00bb hover_add_button=\u00bbtrue\u00bb hover_btn_link=\u00bburl:https%3A%2F%2Fmessisagro.com.co%2F||target:%20_blank|\u00bb][\/vc_hoverbox][\/vc_column][vc_column width=\u00bb1\/3&#8243; css=\u00bb.vc_custom_1724275914249{margin-top: 100px !important;}\u00bb][vc_hoverbox image=\u00bb1070&#8243; primary_title=\u00bb\u00bb hover_title=\u00bbPANAM\u00c1\u00bb hover_btn_title=\u00bbIr a panam\u00e1\u00bb hover_add_button=\u00bbtrue\u00bb hover_btn_link=\u00bburl:https%3A%2F%2Fmessisagro.com.pa|||\u00bb][\/vc_hoverbox][\/vc_column][vc_column width=\u00bb1\/3&#8243; css=\u00bb.vc_custom_1724275923585{margin-top: 100px !important;}\u00bb][vc_hoverbox image=\u00bb1067&#8243; primary_title=\u00bb\u00bb hover_title=\u00bbREP\u00daBLICA DOMINICANA\u00bb hover_btn_title=\u00bbIr a Rep\u00fablica Dominicana\u00bb hover_add_button=\u00bbtrue\u00bb][\/vc_hoverbox][\/vc_column][\/vc_row]\n","protected":false},"excerpt":{"rendered":"<p>[vc_row][vc_column][\/vc_column][\/vc_row][vc_row][vc_column][vc_separator][\/vc_column][\/vc_row][vc_row full_width=\u00bbcontainer-null\u00bb css=\u00bb.vc_custom_1724770976314{margin-top: 0px !important;}\u00bb][vc_column agro_disable_column=\u00bbyes\u00bb][\/vc_column][\/vc_row][vc_row full_width=\u00bbcontainer-null\u00bb][vc_column css=\u00bb.vc_custom_1724427348498{margin-top: -100px !important;}\u00bb][\/vc_column][\/vc_row][vc_row full_width=\u00bbcontainer\u00bb css=\u00bb.vc_custom_1724771200318{margin-top: 0px !important;}\u00bb][vc_column css=\u00bb.vc_custom_1724771225802{margin-top: -150px !important;}\u00bb][\/vc_column][\/vc_row][vc_row full_width=\u00bbstretch_row\u00bb full_height=\u00bbyes\u00bb columns_placement=\u00bbstretch\u00bb equal_height=\u00bbyes\u00bb content_placement=\u00bbmiddle\u00bb css=\u00bb.vc_custom_1724427244451{margin-top: 0px !important;background-position: center !important;background-repeat: no-repeat !important;background-size: contain !important;}\u00bb][vc_column width=\u00bb1\/3&#8243; css=\u00bb.vc_custom_1724275902053{margin-top: 100px !important;}\u00bb][vc_hoverbox image=\u00bb1071&#8243; primary_title=\u00bb\u00bb hover_title=\u00bbCOLOMBIA\u00bb hover_btn_title=\u00bbIr a Colombia\u00bb hover_add_button=\u00bbtrue\u00bb hover_btn_link=\u00bburl:https%3A%2F%2Fmessisagro.com.co%2F||target:%20_blank|\u00bb][\/vc_hoverbox][\/vc_column][vc_column width=\u00bb1\/3&#8243; css=\u00bb.vc_custom_1724275914249{margin-top: 100px !important;}\u00bb][vc_hoverbox image=\u00bb1070&#8243; primary_title=\u00bb\u00bb hover_title=\u00bbPANAM\u00c1\u00bb hover_btn_title=\u00bbIr a panam\u00e1\u00bb hover_add_button=\u00bbtrue\u00bb hover_btn_link=\u00bburl:https%3A%2F%2Fmessisagro.com.pa|||\u00bb][\/vc_hoverbox][\/vc_column][vc_column&#8230;<\/p>\n","protected":false},"author":1,"featured_media":0,"parent":0,"menu_order":0,"comment_status":"closed","ping_status":"open","template":"custom-page.php","meta":[],"_links":{"self":[{"href":"https:\/\/messisagro.com\/index.php?rest_route=\/wp\/v2\/pages\/940"}],"collection":[{"href":"https:\/\/messisagro.com\/index.php?rest_route=\/wp\/v2\/pages"}],"about":[{"href":"https:\/\/messisagro.com\/index.php?rest_route=\/wp\/v2\/types\/page"}],"author":[{"embeddable":true,"href":"https:\/\/messisagro.com\/index.php?rest_route=\/wp\/v2\/users\/1"}],"replies":[{"embeddable":true,"href":"https:\/\/messisagro.com\/index.php?rest_route=%2Fwp%2Fv2%2Fcomments&post=940"}],"version-history":[{"count":126,"href":"https:\/\/messisagro.com\/index.php?rest_route=\/wp\/v2\/pages\/940\/revisions"}],"predecessor-version":[{"id":1143,"href":"https:\/\/messisagro.com\/index.php?rest_route=\/wp\/v2\/pages\/940\/revisions\/1143"}],"wp:attachment":[{"href":"https:\/\/messisagro.com\/index.php?rest_route=%2Fwp%2Fv2%2Fmedia&parent=940"}],"curies":[{"name":"wp","href":"https:\/\/api.w.org\/{rel}","templated":true}]}}