{"id":238,"date":"2019-02-05T07:05:06","date_gmt":"2019-02-05T12:05:06","guid":{"rendered":"https:\/\/ninetheme.com\/themes\/agro\/?page_id=238"},"modified":"2024-09-09T15:50:03","modified_gmt":"2024-09-09T20:50:03","slug":"nosotros","status":"publish","type":"page","link":"https:\/\/messisagro.com\/?page_id=238","title":{"rendered":"Nosotros"},"content":{"rendered":"[vc_row full_width=\u00bbcontainer-null\u00bb][vc_column agro_disable_column=\u00bbyes\u00bb]<div class=\"section section--no-pt section--no-pb section--gutter\" data-res-css=\"                 \"><div class=\"simple-banner simple-banner--style-1 banner_69e0a7ccc1bef\" data-aos=\"fade\" data-aos-offset=\"50\"><div class=\"container\"><div class=\"row\"><div class=\"col-12\"><div class=\"__inner\"><div class=\"row\"><div class=\"col-12 col-lg-7 col-xl-5\"><div class=\"banner__text\" data-aos=\"fade-left\" data-delay=\"500\"><h2 class=\"__title h1\"><b><\/b> <span><\/span><\/h2><\/div><\/div><\/div><\/div><\/div><\/div><\/div><\/div><\/div>[\/vc_column][\/vc_row][vc_row full_width=\u00bbcontainer-null\u00bb][vc_column agro_disable_column=\u00bbyes\u00bb]<div class=\"section section--no-pb about--1 md-hide-bg item_69e0a7ccc1c34 vc_custom_1724275393347\" data-res-css=\"              \"><div class=\"container\"><div class=\"section-heading\"><h2 class=\"__title\">NOSOTROS <span><\/span><\/h2><\/div><div class=\"row\"><div class=\"col-12 col-lg-6 col-xl-8\">\n<h4>QUI\u00c9NES SOMOS<\/h4>\n<p>Somos una organizaci\u00f3n integrada por actores determinantes en la protecci\u00f3n de cultivos, para la producci\u00f3n de alimentos sanos, estamos involucrados en garantizar la seguridad alimentar\u00eda, a trav\u00e9s de un portafolio de productos y servicios.<\/p>\n<p>Somos una compa\u00f1\u00eda conformada por una asociaci\u00f3n de personas y empresas de larga trayectoria en el negocio de soluciones para la producci\u00f3n agr\u00edcola en la regi\u00f3n.<\/p>\n<p>La apertura de fronteras en el mundo, ha motivado y permitido que esta sociedad de capital Colombiano y Chino, que de la mano con la amplia experiencia en el sector y conocimiento en la formulaci\u00f3n de agroqu\u00edmicos de alta Calidad, el conocimiento del mercado y sus necesidades, as\u00ed como del acceso y cercan\u00eda a los agricultores, nos ha permitido hoy ser parte fundamental de las soluciones para la productividad y seguridad alimentaria de la humanidad.<\/p>\n<h4>NUESTRO PROP\u00d3SITO<\/h4>\n<p>Nuestro prop\u00f3sito es acompa\u00f1ar y asesorar el manejo responsable y oportuno del cuidado de sus cultivos. Propendemos por llegar en el momento adecuado para brindarle una soluci\u00f3n efectiva.<\/p>\n<p>Acompa\u00f1amos: Ma\u00edz, Algod\u00f3n, Arroz, Soya, Frutales, Ca\u00f1a az\u00facar, Ca\u00f1a panelera, Hortalizas, Pastos y forrajes.<\/p>\n<h4>NUESTRA PRIORIDAD<\/h4>\n<p>Nuestra prioridad es asesorar el esfuerzo de las manos que alimentan la humanidad, para que los hogares tengan la tranquilidad de recibir sus alimentos sanos.<\/p>\n<p>En MESSIS nos ocupamos para que la calidad del servicio, se brinde de manera oportuna solucionando la justa necesidad del agricultor.<\/p>\n<p>Nos esforzamos por adaptarnos a los cambios y efectos que trae la naturaleza, gestionando soluciones particulares en la producci\u00f3n agr\u00edcola.<\/p>\n<h4>NUESTRA RESPONSABILIDAD<\/h4>\n<p>Nuestra responsabilidad es asesorar de manera personalizada, de la mano de profesionales formados con los m\u00e1s altos est\u00e1ndares de calidad t\u00e9cnica y humana, ofreciendo el uso pr\u00e1ctico de la tecnolog\u00eda, para un f\u00e1cil monitoreo en la productividad de sus cultivos.<\/p>\n<p>De esta manera en MESSIS aportamos de forma activa en la producci\u00f3n de alimentos para el mundo, cuidando de manera responsable la vida y el medio ambiente; para que los alimentos est\u00e9n en optimas condiciones a trav\u00e9s de la cadena de abastecimiento, garantizando una disposici\u00f3n sana en la mesa de cada hogar.<p><a class=\"custom-btn custom-btn--medium custom-btn--style-1\" href=\"#\" target=\" _blank\">Cont\u00e1ctanos aqu\u00ed<\/a><\/p><\/div><\/div><\/div><\/div>[\/vc_column][\/vc_row][vc_row full_width=\u00bbcontainer-null\u00bb][vc_column agro_disable_column=\u00bbyes\u00bb][\/vc_column][\/vc_row][vc_row full_width=\u00bbcontainer-null\u00bb][vc_column][\/vc_column][\/vc_row]\n","protected":false},"excerpt":{"rendered":"<p>[vc_row full_width=\u00bbcontainer-null\u00bb][vc_column agro_disable_column=\u00bbyes\u00bb][\/vc_column][\/vc_row][vc_row full_width=\u00bbcontainer-null\u00bb][vc_column agro_disable_column=\u00bbyes\u00bb][\/vc_column][\/vc_row][vc_row full_width=\u00bbcontainer-null\u00bb][vc_column agro_disable_column=\u00bbyes\u00bb][\/vc_column][\/vc_row][vc_row full_width=\u00bbcontainer-null\u00bb][vc_column][\/vc_column][\/vc_row]<\/p>\n","protected":false},"author":1,"featured_media":0,"parent":0,"menu_order":0,"comment_status":"closed","ping_status":"closed","template":"custom-page.php","meta":[],"_links":{"self":[{"href":"https:\/\/messisagro.com\/index.php?rest_route=\/wp\/v2\/pages\/238"}],"collection":[{"href":"https:\/\/messisagro.com\/index.php?rest_route=\/wp\/v2\/pages"}],"about":[{"href":"https:\/\/messisagro.com\/index.php?rest_route=\/wp\/v2\/types\/page"}],"author":[{"embeddable":true,"href":"https:\/\/messisagro.com\/index.php?rest_route=\/wp\/v2\/users\/1"}],"replies":[{"embeddable":true,"href":"https:\/\/messisagro.com\/index.php?rest_route=%2Fwp%2Fv2%2Fcomments&post=238"}],"version-history":[{"count":3,"href":"https:\/\/messisagro.com\/index.php?rest_route=\/wp\/v2\/pages\/238\/revisions"}],"predecessor-version":[{"id":1136,"href":"https:\/\/messisagro.com\/index.php?rest_route=\/wp\/v2\/pages\/238\/revisions\/1136"}],"wp:attachment":[{"href":"https:\/\/messisagro.com\/index.php?rest_route=%2Fwp%2Fv2%2Fmedia&parent=238"}],"curies":[{"name":"wp","href":"https:\/\/api.w.org\/{rel}","templated":true}]}}